{"id":94,"date":"2025-08-14T13:47:39","date_gmt":"2025-08-14T13:47:39","guid":{"rendered":"https:\/\/staging.greenfieldmeat.com\/musafir\/?page_id=94"},"modified":"2025-11-10T16:21:16","modified_gmt":"2025-11-10T16:21:16","slug":"a-propos-de-nous","status":"publish","type":"page","link":"https:\/\/musafirfoods.com\/fr\/a-propos-de-nous\/","title":{"rendered":"\u00c0 propos de nous"},"content":{"rendered":"\n<div class=\"wp-block-group alignfull has-background-primary-500-background-color has-background is-layout-constrained wp-block-group-is-layout-constrained\">\n<div style=\"height:100px\" aria-hidden=\"true\" class=\"wp-block-spacer\"><\/div>\n\n\n\n<div class=\"wp-block-media-text has-media-on-the-right is-stacked-on-mobile tk-editor-visibility-control is-style-tk-overlap\" style=\"padding-top:0;padding-right:0;padding-bottom:0;padding-left:0\"><div class=\"wp-block-media-text__content\">\n<figure class=\"wp-block-image size-full\"><img loading=\"lazy\" decoding=\"async\" width=\"795\" height=\"305\" src=\"https:\/\/musafirfoods.com\/fr\/wp-content\/uploads\/sites\/20\/2025\/08\/Logo-Musafir-2.png\" alt=\"\" class=\"wp-image-667\" style=\"object-fit:cover\" srcset=\"https:\/\/b3412141.smushcdn.com\/3412141\/wp-content\/uploads\/sites\/20\/2025\/08\/Logo-Musafir-2.png?lossy=0&amp;strip=1&amp;webp=1 795w, https:\/\/b3412141.smushcdn.com\/3412141\/wp-content\/uploads\/sites\/20\/2025\/08\/Logo-Musafir-2-300x115.png?lossy=0&amp;strip=1&amp;webp=1 300w, https:\/\/b3412141.smushcdn.com\/3412141\/wp-content\/uploads\/sites\/20\/2025\/08\/Logo-Musafir-2-768x295.png?lossy=0&amp;strip=1&amp;webp=1 768w\" sizes=\"(max-width: 795px) 100vw, 795px\" \/><\/figure>\n\n\n\n<p style=\"font-size:48px\">\/mou-SAA-fir\/ nom <br><strong>Voyageur ou personne qui explore<\/strong><br>en hindi, ourdou, bengali, persan et arabe<\/p>\n<\/div><figure class=\"wp-block-media-text__media\"><img loading=\"lazy\" decoding=\"async\" width=\"1024\" height=\"1001\" src=\"https:\/\/musafirfoods.com\/fr\/wp-content\/uploads\/sites\/20\/2025\/08\/Food_Flower_02-1-1024x1001.png\" alt=\"\" class=\"wp-image-625 size-full\" srcset=\"https:\/\/b3412141.smushcdn.com\/3412141\/wp-content\/uploads\/sites\/20\/2025\/08\/Food_Flower_02-1-1024x1001.png?lossy=0&amp;strip=1&amp;webp=1 1024w, https:\/\/b3412141.smushcdn.com\/3412141\/wp-content\/uploads\/sites\/20\/2025\/08\/Food_Flower_02-1-300x293.png?lossy=0&amp;strip=1&amp;webp=1 300w, https:\/\/b3412141.smushcdn.com\/3412141\/wp-content\/uploads\/sites\/20\/2025\/08\/Food_Flower_02-1-768x751.png?lossy=0&amp;strip=1&amp;webp=1 768w, https:\/\/b3412141.smushcdn.com\/3412141\/wp-content\/uploads\/sites\/20\/2025\/08\/Food_Flower_02-1-1536x1502.png?lossy=0&amp;strip=1&amp;webp=1 1536w, https:\/\/b3412141.smushcdn.com\/3412141\/wp-content\/uploads\/sites\/20\/2025\/08\/Food_Flower_02-1.png?lossy=0&amp;strip=1&amp;webp=1 1620w\" sizes=\"(max-width: 1024px) 100vw, 1024px\" \/><\/figure><\/div>\n\n\n\n<div style=\"height:100px\" aria-hidden=\"true\" class=\"wp-block-spacer\"><\/div>\n<\/div>\n\n\n\n<div class=\"wp-block-group alignfull has-background-primary-background-color has-background is-layout-constrained wp-block-group-is-layout-constrained\">\n<div style=\"height:100px\" aria-hidden=\"true\" class=\"wp-block-spacer\"><\/div>\n\n\n\n<div class=\"wp-block-media-text has-media-on-the-right is-stacked-on-mobile\"><div class=\"wp-block-media-text__content\">\n<h2 class=\"wp-block-heading has-text-align-center has-extra-large-font-size\">Pour les passionn\u00e9s de cuisine, le voyage ne s\u2019arr\u00eate jamais.<\/h2>\n\n\n\n<p class=\"has-text-align-center has-medium-font-size\">Il y a toujours quelque chose de nouveau \u00e0 d\u00e9couvrir, qu\u2019il s\u2019agisse de saveurs audacieuses provenant de pays lointains ou de nouvelles interpr\u00e9tations de plats que vous connaissez et aimez. La gamme Musafir est n\u00e9e de cette volont\u00e9 de sortir de la routine.<\/p>\n<\/div><figure class=\"wp-block-media-text__media\"><img loading=\"lazy\" decoding=\"async\" width=\"815\" height=\"860\" src=\"https:\/\/musafirfoods.com\/fr\/wp-content\/uploads\/sites\/20\/2025\/11\/nugget-lockup.png\" alt=\"\" class=\"wp-image-754 size-full\" srcset=\"https:\/\/b3412141.smushcdn.com\/3412141\/wp-content\/uploads\/sites\/20\/2025\/11\/nugget-lockup.png?lossy=0&amp;strip=1&amp;webp=1 815w, https:\/\/b3412141.smushcdn.com\/3412141\/wp-content\/uploads\/sites\/20\/2025\/11\/nugget-lockup-284x300.png?lossy=0&amp;strip=1&amp;webp=1 284w, https:\/\/b3412141.smushcdn.com\/3412141\/wp-content\/uploads\/sites\/20\/2025\/11\/nugget-lockup-768x810.png?lossy=0&amp;strip=1&amp;webp=1 768w\" sizes=\"(max-width: 815px) 100vw, 815px\" \/><\/figure><\/div>\n\n\n\n<div style=\"height:100px\" aria-hidden=\"true\" class=\"wp-block-spacer\"><\/div>\n\n\n\n<div class=\"wp-block-media-text is-stacked-on-mobile\"><figure class=\"wp-block-media-text__media\"><img loading=\"lazy\" decoding=\"async\" width=\"1024\" height=\"981\" src=\"https:\/\/musafirfoods.com\/fr\/wp-content\/uploads\/sites\/20\/2025\/08\/Section2_Image_2-1024x981.png\" alt=\"\" class=\"wp-image-614 size-full\" srcset=\"https:\/\/b3412141.smushcdn.com\/3412141\/wp-content\/uploads\/sites\/20\/2025\/08\/Section2_Image_2-1024x981.png?lossy=0&amp;strip=1&amp;webp=1 1024w, https:\/\/b3412141.smushcdn.com\/3412141\/wp-content\/uploads\/sites\/20\/2025\/08\/Section2_Image_2-300x287.png?lossy=0&amp;strip=1&amp;webp=1 300w, https:\/\/b3412141.smushcdn.com\/3412141\/wp-content\/uploads\/sites\/20\/2025\/08\/Section2_Image_2-768x736.png?lossy=0&amp;strip=1&amp;webp=1 768w, https:\/\/b3412141.smushcdn.com\/3412141\/wp-content\/uploads\/sites\/20\/2025\/08\/Section2_Image_2-1536x1472.png?lossy=0&amp;strip=1&amp;webp=1 1536w, https:\/\/b3412141.smushcdn.com\/3412141\/wp-content\/uploads\/sites\/20\/2025\/08\/Section2_Image_2.png?lossy=0&amp;strip=1&amp;webp=1 1654w\" sizes=\"(max-width: 1024px) 100vw, 1024px\" \/><\/figure><div class=\"wp-block-media-text__content\">\n<h2 class=\"wp-block-heading has-extra-large-font-size\">Nous nous adressons aux personnes culturellement curieuses, aux personnes actives, aux personnes audacieuses et aux personnes qui ne s\u2019ennuient jamais.<\/h2>\n\n\n\n<p class=\"has-medium-font-size\">Nous ne sommes pas l\u00e0 pour servir la tradition comme on l\u2019a toujours fait, mais pour l\u2019honorer, la faire \u00e9voluer et la repenser pour aujourd\u2019hui.<\/p>\n<\/div><\/div>\n\n\n\n<div style=\"height:100px\" aria-hidden=\"true\" class=\"wp-block-spacer\"><\/div>\n\n\n\n<p class=\"has-text-align-center has-extra-large-font-size\">Parce que la nourriture ne devrait jamais \u00eatre ennuyante. Et que la d\u00e9couverte devrait toujours \u00eatre au menu.<\/p>\n\n\n\n<div style=\"height:100px\" aria-hidden=\"true\" class=\"wp-block-spacer\"><\/div>\n<\/div>\n\n\n\n<div class=\"wp-block-group alignfull has-background-orange-900-background-color has-background is-layout-constrained wp-block-group-is-layout-constrained tk-top-shape-dome\" style=\"padding-top:0;padding-bottom:0;--group-top-shape:var(--group-shape-dome);\">\t<style type=\"text\/css\">\n\t\t.wp-block-tk-spacer.id-9c679f30-46fe-4fa2-b673-5d3cf0733c4e {\n\t\theight: 70px;\n\t}\n\n\t@media ( max-width: 480px ) {\n\t\t.wp-block-tk-spacer.id-9c679f30-46fe-4fa2-b673-5d3cf0733c4e {\n\t\t\theight: 30px;\n\t\t}\n\t}\t<\/style>\n\t<div class=\"wp-block-tk-spacer id-9c679f30-46fe-4fa2-b673-5d3cf0733c4e\" aria-hidden=\"true\"><\/div>\n\t\n\n\n<div class=\"wp-block-group is-style-width-1000-container is-vertical is-content-justification-center is-layout-flex wp-container-core-group-is-layout-3 wp-block-group-is-layout-flex\">\n<p class=\"has-text-align-center has-background-primary-700-color has-text-color has-link-color has-extra-large-font-size wp-elements-1602a14db8e4f3299ce4460f4adb44b9\" style=\"margin-top:34px;margin-bottom:34px\">Trouvez votre nouveau plat favori.<\/p>\n\n\n\n<p class=\"has-text-align-center has-background-primary-700-color has-text-color has-link-color has-clearface-gothic-font-family has-medium-font-size wp-elements-9cc6d85bf22f075ece4412cb2aaaeb03\" style=\"margin-top:0px;padding-top:0;padding-right:0;padding-bottom:0;padding-left:0\">Des plats faciles \u00e0 d\u00e9guster, riches en prot\u00e9ines et inspir\u00e9s des saveurs audacieuses de l\u2019Asie du Sud. Nous sommes dans le rayon des produits surgel\u00e9s de votre \u00e9picerie locale.<\/p>\n<\/div>\n\n\n\n<div class=\"wp-block-columns are-vertically-aligned-top tk-editor-visibility-control justify-center is-style-gapless is-layout-flex wp-container-core-columns-is-layout-1 wp-block-columns-is-layout-flex\" style=\"padding-top:0;padding-right:0;padding-bottom:0;padding-left:0\">\n<div class=\"wp-block-column is-vertically-aligned-top is-layout-flow wp-block-column-is-layout-flow\" style=\"flex-basis:33%\">\n<div class=\"wp-block-group is-vertical is-content-justification-center is-layout-flex wp-container-core-group-is-layout-4 wp-block-group-is-layout-flex\">\n<figure class=\"wp-block-image size-large\"><img loading=\"lazy\" decoding=\"async\" width=\"1024\" height=\"701\" src=\"https:\/\/musafirfoods.com\/fr\/wp-content\/uploads\/sites\/20\/2025\/08\/106376p_Paneer-Burgers_Crtn_Front_Shadow_FR-1024x701.png\" alt=\"\" class=\"wp-image-636\" srcset=\"https:\/\/b3412141.smushcdn.com\/3412141\/wp-content\/uploads\/sites\/20\/2025\/08\/106376p_Paneer-Burgers_Crtn_Front_Shadow_FR-1024x701.png?lossy=0&amp;strip=1&amp;webp=1 1024w, https:\/\/b3412141.smushcdn.com\/3412141\/wp-content\/uploads\/sites\/20\/2025\/08\/106376p_Paneer-Burgers_Crtn_Front_Shadow_FR-300x206.png?lossy=0&amp;strip=1&amp;webp=1 300w, https:\/\/b3412141.smushcdn.com\/3412141\/wp-content\/uploads\/sites\/20\/2025\/08\/106376p_Paneer-Burgers_Crtn_Front_Shadow_FR-768x526.png?lossy=0&amp;strip=1&amp;webp=1 768w, https:\/\/b3412141.smushcdn.com\/3412141\/wp-content\/uploads\/sites\/20\/2025\/08\/106376p_Paneer-Burgers_Crtn_Front_Shadow_FR-1536x1052.png?lossy=0&amp;strip=1&amp;webp=1 1536w, https:\/\/b3412141.smushcdn.com\/3412141\/wp-content\/uploads\/sites\/20\/2025\/08\/106376p_Paneer-Burgers_Crtn_Front_Shadow_FR.png?lossy=0&amp;strip=1&amp;webp=1 1924w\" sizes=\"(max-width: 1024px) 100vw, 1024px\" \/><\/figure>\n\n\n\n<p class=\"has-text-align-center has-background-primary-700-color has-text-color has-link-color wp-elements-3ba36cfe83483cd640e19ccb221553b3\" style=\"font-size:48px\">Burgers de <br>paneer Musafir<\/p>\n\n\n\n<div class=\"wp-block-buttons is-layout-flex wp-block-buttons-is-layout-flex\">\n<div class=\"wp-block-button\"><a class=\"wp-block-button__link wp-element-button\" href=\"https:\/\/musafirfoods.com\/fr\/produits\/musafir-paneer-burgers\/\">EN SAVOIR PLUS<\/a><\/div>\n<\/div>\n<\/div>\n<\/div>\n\n\n\n<div class=\"wp-block-column is-vertically-aligned-top is-layout-flow wp-block-column-is-layout-flow\" style=\"flex-basis:33%\">\n<div class=\"wp-block-group is-vertical is-content-justification-center is-layout-flex wp-container-core-group-is-layout-5 wp-block-group-is-layout-flex\">\n<figure class=\"wp-block-image size-full\"><img loading=\"lazy\" decoding=\"async\" width=\"1924\" height=\"1317\" src=\"https:\/\/musafirfoods.com\/fr\/wp-content\/uploads\/sites\/20\/2025\/08\/106376p_Paneer-Nuggets_Crtn_Front_Shadow_FR.png\" alt=\"\" class=\"wp-image-637\" srcset=\"https:\/\/b3412141.smushcdn.com\/3412141\/wp-content\/uploads\/sites\/20\/2025\/08\/106376p_Paneer-Nuggets_Crtn_Front_Shadow_FR.png?lossy=0&amp;strip=1&amp;webp=1 1924w, https:\/\/b3412141.smushcdn.com\/3412141\/wp-content\/uploads\/sites\/20\/2025\/08\/106376p_Paneer-Nuggets_Crtn_Front_Shadow_FR-300x205.png?lossy=0&amp;strip=1&amp;webp=1 300w, https:\/\/b3412141.smushcdn.com\/3412141\/wp-content\/uploads\/sites\/20\/2025\/08\/106376p_Paneer-Nuggets_Crtn_Front_Shadow_FR-1024x701.png?lossy=0&amp;strip=1&amp;webp=1 1024w, https:\/\/b3412141.smushcdn.com\/3412141\/wp-content\/uploads\/sites\/20\/2025\/08\/106376p_Paneer-Nuggets_Crtn_Front_Shadow_FR-768x526.png?lossy=0&amp;strip=1&amp;webp=1 768w, https:\/\/b3412141.smushcdn.com\/3412141\/wp-content\/uploads\/sites\/20\/2025\/08\/106376p_Paneer-Nuggets_Crtn_Front_Shadow_FR-1536x1051.png?lossy=0&amp;strip=1&amp;webp=1 1536w\" sizes=\"(max-width: 1924px) 100vw, 1924px\" \/><\/figure>\n\n\n\n<p class=\"has-text-align-center has-background-primary-700-color has-text-color has-link-color wp-elements-821f5ae58483e0b51b86c8141e181ecd\" style=\"font-size:48px\">Croquettes de <br>paneer Musafir<\/p>\n\n\n\n<div class=\"wp-block-buttons is-layout-flex wp-block-buttons-is-layout-flex\">\n<div class=\"wp-block-button\"><a class=\"wp-block-button__link wp-element-button\" href=\"https:\/\/musafirfoods.com\/fr\/produits\/musafir-paneer-nuggets\/\">EN SAVOIR PLUS<\/a><\/div>\n<\/div>\n<\/div>\n<\/div>\n<\/div>\n\n\n\t<style type=\"text\/css\">\n\t\t.wp-block-tk-spacer.id-728547e2-8bf9-4a4e-8238-c7a6874de2e2 {\n\t\theight: 40px;\n\t}\n\n\t@media ( max-width: 480px ) {\n\t\t.wp-block-tk-spacer.id-728547e2-8bf9-4a4e-8238-c7a6874de2e2 {\n\t\t\theight: 1px;\n\t\t}\n\t}\t<\/style>\n\t<div class=\"wp-block-tk-spacer id-728547e2-8bf9-4a4e-8238-c7a6874de2e2\" aria-hidden=\"true\"><\/div>\n\t\n\n\n<div class=\"wp-block-columns tk-editor-visibility-control justify-center is-style-gapless is-layout-flex wp-container-core-columns-is-layout-2 wp-block-columns-is-layout-flex\" style=\"margin-top:0;margin-bottom:0\">\n<div class=\"wp-block-column is-layout-flow wp-block-column-is-layout-flow\">\n<div class=\"wp-block-group is-vertical is-content-justification-center is-layout-flex wp-container-core-group-is-layout-6 wp-block-group-is-layout-flex\">\n<figure class=\"wp-block-image size-large\"><img loading=\"lazy\" decoding=\"async\" width=\"1024\" height=\"701\" src=\"https:\/\/musafirfoods.com\/fr\/wp-content\/uploads\/sites\/20\/2025\/08\/106376p_Omelette-Bites_Crtn_Front_Shadow-1024x701.png\" alt=\"\" class=\"wp-image-616\" srcset=\"https:\/\/b3412141.smushcdn.com\/3412141\/wp-content\/uploads\/sites\/20\/2025\/08\/106376p_Omelette-Bites_Crtn_Front_Shadow-1024x701.png?lossy=0&amp;strip=1&amp;webp=1 1024w, https:\/\/b3412141.smushcdn.com\/3412141\/wp-content\/uploads\/sites\/20\/2025\/08\/106376p_Omelette-Bites_Crtn_Front_Shadow-300x205.png?lossy=0&amp;strip=1&amp;webp=1 300w, https:\/\/b3412141.smushcdn.com\/3412141\/wp-content\/uploads\/sites\/20\/2025\/08\/106376p_Omelette-Bites_Crtn_Front_Shadow-768x526.png?lossy=0&amp;strip=1&amp;webp=1 768w, https:\/\/b3412141.smushcdn.com\/3412141\/wp-content\/uploads\/sites\/20\/2025\/08\/106376p_Omelette-Bites_Crtn_Front_Shadow-1536x1052.png?lossy=0&amp;strip=1&amp;webp=1 1536w, https:\/\/b3412141.smushcdn.com\/3412141\/wp-content\/uploads\/sites\/20\/2025\/08\/106376p_Omelette-Bites_Crtn_Front_Shadow.png?lossy=0&amp;strip=1&amp;webp=1 1694w\" sizes=\"(max-width: 1024px) 100vw, 1024px\" \/><\/figure>\n\n\n\n<p class=\"has-text-align-center has-background-primary-700-color has-text-color has-link-color wp-elements-962690db5d0201623d6bc2127bcc37ff\" style=\"font-size:48px\">Bouch\u00e9es d\u2019omelette <br>au masala Musafir<\/p>\n\n\n\n<div class=\"wp-block-buttons is-layout-flex wp-block-buttons-is-layout-flex\">\n<div class=\"wp-block-button\"><a class=\"wp-block-button__link wp-element-button\" href=\"https:\/\/musafirfoods.com\/fr\/produits\/musafir-masala-omelette-bites\/\">EN SAVOIR PLUS<\/a><\/div>\n<\/div>\n<\/div>\n<\/div>\n\n\n\n<div class=\"wp-block-column is-layout-flow wp-block-column-is-layout-flow\">\n<div class=\"wp-block-group is-vertical is-content-justification-center is-layout-flex wp-container-core-group-is-layout-7 wp-block-group-is-layout-flex\">\n<figure class=\"wp-block-image size-large\"><img loading=\"lazy\" decoding=\"async\" width=\"1024\" height=\"701\" src=\"https:\/\/musafirfoods.com\/fr\/wp-content\/uploads\/sites\/20\/2025\/08\/106376p_Paneer-Bites_Crtn_Front_Shadow-1024x701.png\" alt=\"\" class=\"wp-image-617\" srcset=\"https:\/\/b3412141.smushcdn.com\/3412141\/wp-content\/uploads\/sites\/20\/2025\/08\/106376p_Paneer-Bites_Crtn_Front_Shadow-1024x701.png?lossy=0&amp;strip=1&amp;webp=1 1024w, https:\/\/b3412141.smushcdn.com\/3412141\/wp-content\/uploads\/sites\/20\/2025\/08\/106376p_Paneer-Bites_Crtn_Front_Shadow-300x205.png?lossy=0&amp;strip=1&amp;webp=1 300w, https:\/\/b3412141.smushcdn.com\/3412141\/wp-content\/uploads\/sites\/20\/2025\/08\/106376p_Paneer-Bites_Crtn_Front_Shadow-768x526.png?lossy=0&amp;strip=1&amp;webp=1 768w, https:\/\/b3412141.smushcdn.com\/3412141\/wp-content\/uploads\/sites\/20\/2025\/08\/106376p_Paneer-Bites_Crtn_Front_Shadow-1536x1052.png?lossy=0&amp;strip=1&amp;webp=1 1536w, https:\/\/b3412141.smushcdn.com\/3412141\/wp-content\/uploads\/sites\/20\/2025\/08\/106376p_Paneer-Bites_Crtn_Front_Shadow.png?lossy=0&amp;strip=1&amp;webp=1 1694w\" sizes=\"(max-width: 1024px) 100vw, 1024px\" \/><\/figure>\n\n\n\n<p class=\"has-text-align-center has-background-primary-700-color has-text-color has-link-color wp-elements-1619743ef7ea85bc5c645ea8c5f01e6c\" style=\"font-size:48px\">Bouch\u00e9es de paneer <br>au masala Musafir<\/p>\n\n\n\n<div class=\"wp-block-buttons is-layout-flex wp-block-buttons-is-layout-flex\">\n<div class=\"wp-block-button\"><a class=\"wp-block-button__link wp-element-button\" href=\"https:\/\/musafirfoods.com\/fr\/produits\/musafir-masala-paneer-bites\/\">EN SAVOIR PLUS<\/a><\/div>\n<\/div>\n<\/div>\n<\/div>\n\n\n\n<div class=\"wp-block-column is-layout-flow wp-block-column-is-layout-flow\">\n<div class=\"wp-block-group is-vertical is-content-justification-center is-layout-flex wp-container-core-group-is-layout-8 wp-block-group-is-layout-flex\">\n<figure class=\"wp-block-image size-full\"><img loading=\"lazy\" decoding=\"async\" width=\"847\" height=\"580\" src=\"https:\/\/musafirfoods.com\/fr\/wp-content\/uploads\/sites\/20\/2025\/08\/1a6f1705-643f-45d3-99c0-8378e034c983.png\" alt=\"\" class=\"wp-image-719\" srcset=\"https:\/\/b3412141.smushcdn.com\/3412141\/wp-content\/uploads\/sites\/20\/2025\/08\/1a6f1705-643f-45d3-99c0-8378e034c983.png?lossy=0&amp;strip=1&amp;webp=1 847w, https:\/\/b3412141.smushcdn.com\/3412141\/wp-content\/uploads\/sites\/20\/2025\/08\/1a6f1705-643f-45d3-99c0-8378e034c983-300x205.png?lossy=0&amp;strip=1&amp;webp=1 300w, https:\/\/b3412141.smushcdn.com\/3412141\/wp-content\/uploads\/sites\/20\/2025\/08\/1a6f1705-643f-45d3-99c0-8378e034c983-768x526.png?lossy=0&amp;strip=1&amp;webp=1 768w\" sizes=\"(max-width: 847px) 100vw, 847px\" \/><\/figure>\n\n\n\n<p class=\"has-text-align-center has-background-primary-700-color has-text-color has-link-color wp-elements-5331a2706eb5108b6c736dcfec545f54\" style=\"font-size:48px\">Bouch\u00e9es de poulet <br>au beurre Musafir<\/p>\n\n\n\n<div class=\"wp-block-buttons is-layout-flex wp-block-buttons-is-layout-flex\">\n<div class=\"wp-block-button\"><a class=\"wp-block-button__link wp-element-button\" href=\"https:\/\/musafirfoods.com\/fr\/produits\/musafir-butter-chicken-bites\/\">EN SAVOIR PLUS<\/a><\/div>\n<\/div>\n<\/div>\n<\/div>\n<\/div>\n\n\n\n<div style=\"height:92px\" aria-hidden=\"true\" class=\"wp-block-spacer\"><\/div>\n<\/div>\n","protected":false},"excerpt":{"rendered":"<p>\/mou-SAA-fir\/ nom Voyageur ou personne qui exploreen hindi, ourdou, bengali, persan et arabe Pour les passionn\u00e9s de cuisine, le voyage ne s\u2019arr\u00eate jamais. Il y a toujours quelque chose de nouveau \u00e0 d\u00e9couvrir, qu\u2019il s\u2019agisse de saveurs audacieuses provenant de pays lointains ou de nouvelles interpr\u00e9tations de plats que vous connaissez et aimez. La gamme [&hellip;]<\/p>\n","protected":false},"author":4,"featured_media":0,"parent":0,"menu_order":0,"comment_status":"closed","ping_status":"closed","template":"","meta":{"footnotes":""},"class_list":["post-94","page","type-page","status-publish","hentry"],"acf":[],"yoast_head":"<!-- This site is optimized with the Yoast SEO plugin v21.7 - https:\/\/yoast.com\/wordpress\/plugins\/seo\/ -->\n<title>\u00c0 propos de nous | Musafir - La saveur est un voyage<\/title>\n<meta name=\"robots\" content=\"index, follow, max-snippet:-1, max-image-preview:large, max-video-preview:-1\" \/>\n<link rel=\"canonical\" href=\"https:\/\/musafirfoods.com\/fr\/a-propos-de-nous\/\" \/>\n<meta property=\"og:locale\" content=\"fr_FR\" \/>\n<meta property=\"og:type\" content=\"article\" \/>\n<meta property=\"og:title\" content=\"\u00c0 propos de nous | Musafir - La saveur est un voyage\" \/>\n<meta property=\"og:description\" content=\"\/mou-SAA-fir\/ nom Voyageur ou personne qui exploreen hindi, ourdou, bengali, persan et arabe Pour les passionn\u00e9s de cuisine, le voyage ne s\u2019arr\u00eate jamais. Il y a toujours quelque chose de nouveau \u00e0 d\u00e9couvrir, qu\u2019il s\u2019agisse de saveurs audacieuses provenant de pays lointains ou de nouvelles interpr\u00e9tations de plats que vous connaissez et aimez. La gamme [&hellip;]\" \/>\n<meta property=\"og:url\" content=\"https:\/\/musafirfoods.com\/fr\/a-propos-de-nous\/\" \/>\n<meta property=\"og:site_name\" content=\"Musafir\" \/>\n<meta property=\"article:modified_time\" content=\"2025-11-10T16:21:16+00:00\" \/>\n<meta property=\"og:image\" content=\"https:\/\/musafirfoods.com\/fr\/wp-content\/uploads\/sites\/20\/2025\/08\/Logo-Musafir-2.png\" \/>\n<meta name=\"twitter:card\" content=\"summary_large_image\" \/>\n<meta name=\"twitter:label1\" content=\"Dur\u00e9e de lecture estim\u00e9e\" \/>\n\t<meta name=\"twitter:data1\" content=\"3 minutes\" \/>\n<script type=\"application\/ld+json\" class=\"yoast-schema-graph\">{\"@context\":\"https:\/\/schema.org\",\"@graph\":[{\"@type\":\"WebPage\",\"@id\":\"https:\/\/musafirfoods.com\/fr\/a-propos-de-nous\/\",\"url\":\"https:\/\/musafirfoods.com\/fr\/a-propos-de-nous\/\",\"name\":\"\u00c0 propos de nous | Musafir - La saveur est un voyage\",\"isPartOf\":{\"@id\":\"https:\/\/musafirfoods.com\/fr\/#website\"},\"datePublished\":\"2025-08-14T13:47:39+00:00\",\"dateModified\":\"2025-11-10T16:21:16+00:00\",\"breadcrumb\":{\"@id\":\"https:\/\/musafirfoods.com\/fr\/a-propos-de-nous\/#breadcrumb\"},\"inLanguage\":\"fr-FR\",\"potentialAction\":[{\"@type\":\"ReadAction\",\"target\":[\"https:\/\/musafirfoods.com\/fr\/a-propos-de-nous\/\"]}]},{\"@type\":\"BreadcrumbList\",\"@id\":\"https:\/\/musafirfoods.com\/fr\/a-propos-de-nous\/#breadcrumb\",\"itemListElement\":[{\"@type\":\"ListItem\",\"position\":1,\"name\":\"Home\",\"item\":\"https:\/\/musafirfoods.com\/fr\/\"},{\"@type\":\"ListItem\",\"position\":2,\"name\":\"\u00c0 propos de nous\"}]},{\"@type\":\"WebSite\",\"@id\":\"https:\/\/musafirfoods.com\/fr\/#website\",\"url\":\"https:\/\/musafirfoods.com\/fr\/\",\"name\":\"Musafir\",\"description\":\"La saveur est un voyage\",\"publisher\":{\"@id\":\"https:\/\/musafirfoods.com\/fr\/#organization\"},\"potentialAction\":[{\"@type\":\"SearchAction\",\"target\":{\"@type\":\"EntryPoint\",\"urlTemplate\":\"https:\/\/musafirfoods.com\/fr\/?s={search_term_string}\"},\"query-input\":\"required name=search_term_string\"}],\"inLanguage\":\"fr-FR\"},{\"@type\":\"Organization\",\"@id\":\"https:\/\/musafirfoods.com\/fr\/#organization\",\"name\":\"Musafir\",\"url\":\"https:\/\/musafirfoods.com\/fr\/\",\"logo\":{\"@type\":\"ImageObject\",\"inLanguage\":\"fr-FR\",\"@id\":\"https:\/\/musafirfoods.com\/fr\/#\/schema\/logo\/image\/\",\"url\":\"https:\/\/musafirfoods.com\/fr\/wp-content\/uploads\/sites\/20\/2025\/08\/Musafir_Wordmark_FR-002.png\",\"contentUrl\":\"https:\/\/musafirfoods.com\/fr\/wp-content\/uploads\/sites\/20\/2025\/08\/Musafir_Wordmark_FR-002.png\",\"width\":349,\"height\":69,\"caption\":\"Musafir\"},\"image\":{\"@id\":\"https:\/\/musafirfoods.com\/fr\/#\/schema\/logo\/image\/\"}}]}<\/script>\n<!-- \/ Yoast SEO plugin. -->","yoast_head_json":{"title":"\u00c0 propos de nous | Musafir - La saveur est un voyage","robots":{"index":"index","follow":"follow","max-snippet":"max-snippet:-1","max-image-preview":"max-image-preview:large","max-video-preview":"max-video-preview:-1"},"canonical":"https:\/\/musafirfoods.com\/fr\/a-propos-de-nous\/","og_locale":"fr_FR","og_type":"article","og_title":"\u00c0 propos de nous | Musafir - La saveur est un voyage","og_description":"\/mou-SAA-fir\/ nom Voyageur ou personne qui exploreen hindi, ourdou, bengali, persan et arabe Pour les passionn\u00e9s de cuisine, le voyage ne s\u2019arr\u00eate jamais. Il y a toujours quelque chose de nouveau \u00e0 d\u00e9couvrir, qu\u2019il s\u2019agisse de saveurs audacieuses provenant de pays lointains ou de nouvelles interpr\u00e9tations de plats que vous connaissez et aimez. La gamme [&hellip;]","og_url":"https:\/\/musafirfoods.com\/fr\/a-propos-de-nous\/","og_site_name":"Musafir","article_modified_time":"2025-11-10T16:21:16+00:00","og_image":[{"url":"https:\/\/musafirfoods.com\/fr\/wp-content\/uploads\/sites\/20\/2025\/08\/Logo-Musafir-2.png"}],"twitter_card":"summary_large_image","twitter_misc":{"Dur\u00e9e de lecture estim\u00e9e":"3 minutes"},"schema":{"@context":"https:\/\/schema.org","@graph":[{"@type":"WebPage","@id":"https:\/\/musafirfoods.com\/fr\/a-propos-de-nous\/","url":"https:\/\/musafirfoods.com\/fr\/a-propos-de-nous\/","name":"\u00c0 propos de nous | Musafir - La saveur est un voyage","isPartOf":{"@id":"https:\/\/musafirfoods.com\/fr\/#website"},"datePublished":"2025-08-14T13:47:39+00:00","dateModified":"2025-11-10T16:21:16+00:00","breadcrumb":{"@id":"https:\/\/musafirfoods.com\/fr\/a-propos-de-nous\/#breadcrumb"},"inLanguage":"fr-FR","potentialAction":[{"@type":"ReadAction","target":["https:\/\/musafirfoods.com\/fr\/a-propos-de-nous\/"]}]},{"@type":"BreadcrumbList","@id":"https:\/\/musafirfoods.com\/fr\/a-propos-de-nous\/#breadcrumb","itemListElement":[{"@type":"ListItem","position":1,"name":"Home","item":"https:\/\/musafirfoods.com\/fr\/"},{"@type":"ListItem","position":2,"name":"\u00c0 propos de nous"}]},{"@type":"WebSite","@id":"https:\/\/musafirfoods.com\/fr\/#website","url":"https:\/\/musafirfoods.com\/fr\/","name":"Musafir","description":"La saveur est un voyage","publisher":{"@id":"https:\/\/musafirfoods.com\/fr\/#organization"},"potentialAction":[{"@type":"SearchAction","target":{"@type":"EntryPoint","urlTemplate":"https:\/\/musafirfoods.com\/fr\/?s={search_term_string}"},"query-input":"required name=search_term_string"}],"inLanguage":"fr-FR"},{"@type":"Organization","@id":"https:\/\/musafirfoods.com\/fr\/#organization","name":"Musafir","url":"https:\/\/musafirfoods.com\/fr\/","logo":{"@type":"ImageObject","inLanguage":"fr-FR","@id":"https:\/\/musafirfoods.com\/fr\/#\/schema\/logo\/image\/","url":"https:\/\/musafirfoods.com\/fr\/wp-content\/uploads\/sites\/20\/2025\/08\/Musafir_Wordmark_FR-002.png","contentUrl":"https:\/\/musafirfoods.com\/fr\/wp-content\/uploads\/sites\/20\/2025\/08\/Musafir_Wordmark_FR-002.png","width":349,"height":69,"caption":"Musafir"},"image":{"@id":"https:\/\/musafirfoods.com\/fr\/#\/schema\/logo\/image\/"}}]}},"_links":{"self":[{"href":"https:\/\/musafirfoods.com\/fr\/wp-json\/wp\/v2\/pages\/94"}],"collection":[{"href":"https:\/\/musafirfoods.com\/fr\/wp-json\/wp\/v2\/pages"}],"about":[{"href":"https:\/\/musafirfoods.com\/fr\/wp-json\/wp\/v2\/types\/page"}],"author":[{"embeddable":true,"href":"https:\/\/musafirfoods.com\/fr\/wp-json\/wp\/v2\/users\/4"}],"replies":[{"embeddable":true,"href":"https:\/\/musafirfoods.com\/fr\/wp-json\/wp\/v2\/comments?post=94"}],"version-history":[{"count":55,"href":"https:\/\/musafirfoods.com\/fr\/wp-json\/wp\/v2\/pages\/94\/revisions"}],"predecessor-version":[{"id":755,"href":"https:\/\/musafirfoods.com\/fr\/wp-json\/wp\/v2\/pages\/94\/revisions\/755"}],"wp:attachment":[{"href":"https:\/\/musafirfoods.com\/fr\/wp-json\/wp\/v2\/media?parent=94"}],"curies":[{"name":"wp","href":"https:\/\/api.w.org\/{rel}","templated":true}]}}