{"id":760,"date":"2025-11-12T18:31:06","date_gmt":"2025-11-12T18:31:06","guid":{"rendered":"https:\/\/musafirfoods.com\/fr\/?page_id=760"},"modified":"2025-11-27T01:24:10","modified_gmt":"2025-11-27T01:24:10","slug":"ou-acheter","status":"publish","type":"page","link":"https:\/\/musafirfoods.com\/fr\/ou-acheter\/","title":{"rendered":"O\u00f9 acheter"},"content":{"rendered":"\n<div class=\"wp-block-group alignfull has-background-orange-900-background-color has-background is-layout-constrained wp-container-core-group-is-layout-2 wp-block-group-is-layout-constrained\">\t<style type=\"text\/css\">\n\t\t.wp-block-tk-spacer.id-ee7fc5a6-3440-43fc-b446-7dcbe9e273e2 {\n\t\theight: 92px;\n\t}\n\n\t@media ( max-width: 480px ) {\n\t\t.wp-block-tk-spacer.id-ee7fc5a6-3440-43fc-b446-7dcbe9e273e2 {\n\t\t\theight: 50px;\n\t\t}\n\t}\t<\/style>\n\t<div class=\"wp-block-tk-spacer id-ee7fc5a6-3440-43fc-b446-7dcbe9e273e2\" aria-hidden=\"true\"><\/div>\n\t\n\n\n<h2 class=\"wp-block-heading has-text-align-center has-background-primary-700-color has-text-color has-link-color has-extra-large-font-size wp-elements-bbf0be5398df19d444a3cf5f50c1e43f\" style=\"margin-top:0;margin-bottom:42px\">Vous nous trouverez chez<\/h2>\n\n\n\n<div class=\"wp-block-group is-style-inner-container has-white-background-color has-background is-content-justification-center is-layout-flex wp-container-core-group-is-layout-1 wp-block-group-is-layout-flex\" style=\"padding-top:var(--wp--preset--spacing--50);padding-bottom:var(--wp--preset--spacing--50)\">\n<figure class=\"wp-block-image size-medium is-resized\" style=\"margin-right:var(--wp--preset--spacing--50);margin-left:var(--wp--preset--spacing--50)\"><a href=\"https:\/\/www.walmart.ca\/en\/search?q=musafir\"><img loading=\"lazy\" decoding=\"async\" width=\"300\" height=\"300\" src=\"https:\/\/musafirfoods.com\/fr\/wp-content\/uploads\/sites\/20\/2025\/10\/Walmart_logo_2025-300x300.png\" alt=\"\" class=\"wp-image-748\" style=\"object-fit:cover;width:200px;height:100px\" srcset=\"https:\/\/b3412141.smushcdn.com\/3412141\/wp-content\/uploads\/sites\/20\/2025\/10\/Walmart_logo_2025-300x300.png?lossy=0&amp;strip=1&amp;webp=1 300w, https:\/\/b3412141.smushcdn.com\/3412141\/wp-content\/uploads\/sites\/20\/2025\/10\/Walmart_logo_2025-150x150.png?lossy=0&amp;strip=1&amp;webp=1 150w, https:\/\/b3412141.smushcdn.com\/3412141\/wp-content\/uploads\/sites\/20\/2025\/10\/Walmart_logo_2025.png?lossy=0&amp;strip=1&amp;webp=1 600w\" sizes=\"(max-width: 300px) 100vw, 300px\" \/><\/a><\/figure>\n\n\n\n<figure class=\"wp-block-image size-medium is-resized\" style=\"margin-right:var(--wp--preset--spacing--50);margin-left:var(--wp--preset--spacing--50)\"><img loading=\"lazy\" decoding=\"async\" width=\"300\" height=\"300\" src=\"https:\/\/musafirfoods.com\/fr\/wp-content\/uploads\/sites\/20\/2025\/10\/rabba_logo-300x300.png\" alt=\"\" class=\"wp-image-749\" style=\"object-fit:cover;width:200px;height:100px\" srcset=\"https:\/\/b3412141.smushcdn.com\/3412141\/wp-content\/uploads\/sites\/20\/2025\/10\/rabba_logo-300x300.png?lossy=0&amp;strip=1&amp;webp=1 300w, https:\/\/b3412141.smushcdn.com\/3412141\/wp-content\/uploads\/sites\/20\/2025\/10\/rabba_logo-150x150.png?lossy=0&amp;strip=1&amp;webp=1 150w, https:\/\/b3412141.smushcdn.com\/3412141\/wp-content\/uploads\/sites\/20\/2025\/10\/rabba_logo.png?lossy=0&amp;strip=1&amp;webp=1 600w\" sizes=\"(max-width: 300px) 100vw, 300px\" \/><\/figure>\n\n\n\n<figure class=\"wp-block-image size-full is-resized\" style=\"margin-right:var(--wp--preset--spacing--50);margin-left:var(--wp--preset--spacing--50)\"><img loading=\"lazy\" decoding=\"async\" width=\"300\" height=\"300\" src=\"https:\/\/musafirfoods.com\/fr\/wp-content\/uploads\/sites\/20\/2025\/10\/FreshCo_Logo.png\" alt=\"\" class=\"wp-image-750\" style=\"object-fit:cover;width:200px;height:100px\" srcset=\"https:\/\/b3412141.smushcdn.com\/3412141\/wp-content\/uploads\/sites\/20\/2025\/10\/FreshCo_Logo.png?lossy=0&amp;strip=1&amp;webp=1 300w, https:\/\/b3412141.smushcdn.com\/3412141\/wp-content\/uploads\/sites\/20\/2025\/10\/FreshCo_Logo-150x150.png?lossy=0&amp;strip=1&amp;webp=1 150w\" sizes=\"(max-width: 300px) 100vw, 300px\" \/><\/figure>\n\n\n\n<figure class=\"wp-block-image size-full is-resized\" style=\"margin-right:var(--wp--preset--spacing--50);margin-left:var(--wp--preset--spacing--50)\"><a href=\"https:\/\/www.nofrills.ca\/en\/search?search-bar=musafir\"><img loading=\"lazy\" decoding=\"async\" width=\"225\" height=\"225\" src=\"https:\/\/musafirfoods.com\/fr\/wp-content\/uploads\/sites\/20\/2025\/11\/no-frills.png\" alt=\"\" class=\"wp-image-766\" style=\"object-fit:cover;width:200px;height:100px\" srcset=\"https:\/\/b3412141.smushcdn.com\/3412141\/wp-content\/uploads\/sites\/20\/2025\/11\/no-frills.png?lossy=0&amp;strip=1&amp;webp=1 225w, https:\/\/b3412141.smushcdn.com\/3412141\/wp-content\/uploads\/sites\/20\/2025\/11\/no-frills-150x150.png?lossy=0&amp;strip=1&amp;webp=1 150w\" sizes=\"(max-width: 225px) 100vw, 225px\" \/><\/a><\/figure>\n\n\n\n<figure class=\"wp-block-image size-full is-resized\" style=\"margin-right:var(--wp--preset--spacing--50);margin-left:var(--wp--preset--spacing--50)\"><img loading=\"lazy\" decoding=\"async\" width=\"2560\" height=\"591\" src=\"https:\/\/musafirfoods.com\/fr\/wp-content\/uploads\/sites\/20\/2025\/11\/metro-logo-scaled.jpg\" alt=\"\" class=\"wp-image-771\" style=\"width:300px\" srcset=\"https:\/\/b3412141.smushcdn.com\/3412141\/wp-content\/uploads\/sites\/20\/2025\/11\/metro-logo-scaled.jpg?lossy=0&amp;strip=1&amp;webp=1 2560w, https:\/\/b3412141.smushcdn.com\/3412141\/wp-content\/uploads\/sites\/20\/2025\/11\/metro-logo-300x69.jpg?lossy=0&amp;strip=1&amp;webp=1 300w, https:\/\/b3412141.smushcdn.com\/3412141\/wp-content\/uploads\/sites\/20\/2025\/11\/metro-logo-1024x236.jpg?lossy=0&amp;strip=1&amp;webp=1 1024w, https:\/\/b3412141.smushcdn.com\/3412141\/wp-content\/uploads\/sites\/20\/2025\/11\/metro-logo-768x177.jpg?lossy=0&amp;strip=1&amp;webp=1 768w, https:\/\/b3412141.smushcdn.com\/3412141\/wp-content\/uploads\/sites\/20\/2025\/11\/metro-logo-1536x354.jpg?lossy=0&amp;strip=1&amp;webp=1 1536w, https:\/\/b3412141.smushcdn.com\/3412141\/wp-content\/uploads\/sites\/20\/2025\/11\/metro-logo-2048x473.jpg?lossy=0&amp;strip=1&amp;webp=1 2048w\" sizes=\"(max-width: 2560px) 100vw, 2560px\" \/><\/figure>\n\n\n\n<figure class=\"wp-block-image size-full is-resized\" style=\"margin-right:var(--wp--preset--spacing--50);margin-left:var(--wp--preset--spacing--50)\"><img loading=\"lazy\" decoding=\"async\" width=\"600\" height=\"600\" src=\"https:\/\/musafirfoods.com\/fr\/wp-content\/uploads\/sites\/20\/2025\/11\/20e7cfb8-7408-4c9a-88b8-6ae33a74cd9b.png\" alt=\"\" class=\"wp-image-773\" style=\"object-fit:cover;width:200px;height:100px\" srcset=\"https:\/\/b3412141.smushcdn.com\/3412141\/wp-content\/uploads\/sites\/20\/2025\/11\/20e7cfb8-7408-4c9a-88b8-6ae33a74cd9b.png?lossy=0&amp;strip=1&amp;webp=1 600w, https:\/\/b3412141.smushcdn.com\/3412141\/wp-content\/uploads\/sites\/20\/2025\/11\/20e7cfb8-7408-4c9a-88b8-6ae33a74cd9b-300x300.png?lossy=0&amp;strip=1&amp;webp=1 300w, https:\/\/b3412141.smushcdn.com\/3412141\/wp-content\/uploads\/sites\/20\/2025\/11\/20e7cfb8-7408-4c9a-88b8-6ae33a74cd9b-150x150.png?lossy=0&amp;strip=1&amp;webp=1 150w\" sizes=\"(max-width: 600px) 100vw, 600px\" \/><\/figure>\n\n\n\n<figure class=\"wp-block-image size-full is-resized\" style=\"margin-right:var(--wp--preset--spacing--50);margin-left:var(--wp--preset--spacing--50)\"><img loading=\"lazy\" decoding=\"async\" width=\"1000\" height=\"1000\" src=\"https:\/\/musafirfoods.com\/fr\/wp-content\/uploads\/sites\/20\/2025\/11\/loblaws-logo.png\" alt=\"\" class=\"wp-image-774\" style=\"object-fit:cover;width:200px;height:100px\" srcset=\"https:\/\/b3412141.smushcdn.com\/3412141\/wp-content\/uploads\/sites\/20\/2025\/11\/loblaws-logo.png?lossy=0&amp;strip=1&amp;webp=1 1000w, https:\/\/b3412141.smushcdn.com\/3412141\/wp-content\/uploads\/sites\/20\/2025\/11\/loblaws-logo-300x300.png?lossy=0&amp;strip=1&amp;webp=1 300w, https:\/\/b3412141.smushcdn.com\/3412141\/wp-content\/uploads\/sites\/20\/2025\/11\/loblaws-logo-150x150.png?lossy=0&amp;strip=1&amp;webp=1 150w, https:\/\/b3412141.smushcdn.com\/3412141\/wp-content\/uploads\/sites\/20\/2025\/11\/loblaws-logo-768x768.png?lossy=0&amp;strip=1&amp;webp=1 768w\" sizes=\"(max-width: 1000px) 100vw, 1000px\" \/><\/figure>\n\n\n\n<figure class=\"wp-block-image size-full is-resized\" style=\"margin-right:var(--wp--preset--spacing--50);margin-left:var(--wp--preset--spacing--50)\"><img loading=\"lazy\" decoding=\"async\" width=\"600\" height=\"600\" src=\"https:\/\/musafirfoods.com\/fr\/wp-content\/uploads\/sites\/20\/2025\/11\/real-canadian-superstore-logo.png\" alt=\"\" class=\"wp-image-775\" style=\"object-fit:cover;width:200px;height:100px\" srcset=\"https:\/\/b3412141.smushcdn.com\/3412141\/wp-content\/uploads\/sites\/20\/2025\/11\/real-canadian-superstore-logo.png?lossy=0&amp;strip=1&amp;webp=1 600w, https:\/\/b3412141.smushcdn.com\/3412141\/wp-content\/uploads\/sites\/20\/2025\/11\/real-canadian-superstore-logo-300x300.png?lossy=0&amp;strip=1&amp;webp=1 300w, https:\/\/b3412141.smushcdn.com\/3412141\/wp-content\/uploads\/sites\/20\/2025\/11\/real-canadian-superstore-logo-150x150.png?lossy=0&amp;strip=1&amp;webp=1 150w\" sizes=\"(max-width: 600px) 100vw, 600px\" \/><\/figure>\n\n\n\n<figure class=\"wp-block-image size-full is-resized\" style=\"margin-right:var(--wp--preset--spacing--50);margin-left:var(--wp--preset--spacing--50)\"><img loading=\"lazy\" decoding=\"async\" width=\"600\" height=\"337\" src=\"https:\/\/musafirfoods.com\/fr\/wp-content\/uploads\/sites\/20\/2025\/11\/Sobeys_logo.webp\" alt=\"\" class=\"wp-image-776\" style=\"object-fit:cover;width:200px;height:100px\" srcset=\"https:\/\/b3412141.smushcdn.com\/3412141\/wp-content\/uploads\/sites\/20\/2025\/11\/Sobeys_logo.webp?lossy=0&amp;strip=1&amp;webp=1 600w, https:\/\/b3412141.smushcdn.com\/3412141\/wp-content\/uploads\/sites\/20\/2025\/11\/Sobeys_logo-300x169.webp?lossy=0&amp;strip=1&amp;webp=1 300w\" sizes=\"(max-width: 600px) 100vw, 600px\" \/><\/figure>\n\n\n\n<figure class=\"wp-block-image size-full is-resized\" style=\"margin-right:var(--wp--preset--spacing--50);margin-left:var(--wp--preset--spacing--50)\"><img loading=\"lazy\" decoding=\"async\" width=\"600\" height=\"600\" src=\"https:\/\/musafirfoods.com\/fr\/wp-content\/uploads\/sites\/20\/2025\/11\/b010eb4c-c367-47d3-9121-730980331063.png\" alt=\"\" class=\"wp-image-777\" style=\"object-fit:cover;width:200px;height:100px\" srcset=\"https:\/\/b3412141.smushcdn.com\/3412141\/wp-content\/uploads\/sites\/20\/2025\/11\/b010eb4c-c367-47d3-9121-730980331063.png?lossy=0&amp;strip=1&amp;webp=1 600w, https:\/\/b3412141.smushcdn.com\/3412141\/wp-content\/uploads\/sites\/20\/2025\/11\/b010eb4c-c367-47d3-9121-730980331063-300x300.png?lossy=0&amp;strip=1&amp;webp=1 300w, https:\/\/b3412141.smushcdn.com\/3412141\/wp-content\/uploads\/sites\/20\/2025\/11\/b010eb4c-c367-47d3-9121-730980331063-150x150.png?lossy=0&amp;strip=1&amp;webp=1 150w\" sizes=\"(max-width: 600px) 100vw, 600px\" \/><\/figure>\n<\/div>\n\n\n\t<style type=\"text\/css\">\n\t\t.wp-block-tk-spacer.id-9bc2471e-054f-4d04-a0b5-d32750f35e7c {\n\t\theight: 92px;\n\t}\n\n\t@media ( max-width: 480px ) {\n\t\t.wp-block-tk-spacer.id-9bc2471e-054f-4d04-a0b5-d32750f35e7c {\n\t\t\theight: 50px;\n\t\t}\n\t}\t<\/style>\n\t<div class=\"wp-block-tk-spacer id-9bc2471e-054f-4d04-a0b5-d32750f35e7c\" aria-hidden=\"true\"><\/div>\n\t<\/div>\n","protected":false},"excerpt":{"rendered":"<p>Vous nous trouverez chez<\/p>\n","protected":false},"author":22,"featured_media":0,"parent":0,"menu_order":0,"comment_status":"closed","ping_status":"closed","template":"","meta":{"footnotes":""},"class_list":["post-760","page","type-page","status-publish","hentry"],"acf":[],"yoast_head":"<!-- This site is optimized with the Yoast SEO plugin v21.7 - https:\/\/yoast.com\/wordpress\/plugins\/seo\/ -->\n<title>O\u00f9 acheter | Musafir - La saveur est un voyage<\/title>\n<meta name=\"description\" content=\"D\u00e9couvrez o\u00f9 acheter nos produits aupr\u00e8s de d\u00e9taillants de confiance pr\u00e8s de chez vous ou en ligne. Trouvez les meilleures options et commencez vos achats d\u00e8s aujourd&#039;hui.\" \/>\n<meta name=\"robots\" content=\"index, follow, max-snippet:-1, max-image-preview:large, max-video-preview:-1\" \/>\n<link rel=\"canonical\" href=\"https:\/\/musafirfoods.com\/fr\/ou-acheter\/\" \/>\n<meta property=\"og:locale\" content=\"fr_FR\" \/>\n<meta property=\"og:type\" content=\"article\" \/>\n<meta property=\"og:title\" content=\"O\u00f9 acheter | Musafir - La saveur est un voyage\" \/>\n<meta property=\"og:description\" content=\"D\u00e9couvrez o\u00f9 acheter nos produits aupr\u00e8s de d\u00e9taillants de confiance pr\u00e8s de chez vous ou en ligne. Trouvez les meilleures options et commencez vos achats d\u00e8s aujourd&#039;hui.\" \/>\n<meta property=\"og:url\" content=\"https:\/\/musafirfoods.com\/fr\/ou-acheter\/\" \/>\n<meta property=\"og:site_name\" content=\"Musafir\" \/>\n<meta property=\"article:modified_time\" content=\"2025-11-27T01:24:10+00:00\" \/>\n<meta name=\"twitter:card\" content=\"summary_large_image\" \/>\n<meta name=\"twitter:label1\" content=\"Dur\u00e9e de lecture estim\u00e9e\" \/>\n\t<meta name=\"twitter:data1\" content=\"1 minute\" \/>\n<script type=\"application\/ld+json\" class=\"yoast-schema-graph\">{\"@context\":\"https:\/\/schema.org\",\"@graph\":[{\"@type\":\"WebPage\",\"@id\":\"https:\/\/musafirfoods.com\/fr\/ou-acheter\/\",\"url\":\"https:\/\/musafirfoods.com\/fr\/ou-acheter\/\",\"name\":\"O\u00f9 acheter | Musafir - La saveur est un voyage\",\"isPartOf\":{\"@id\":\"https:\/\/musafirfoods.com\/fr\/#website\"},\"datePublished\":\"2025-11-12T18:31:06+00:00\",\"dateModified\":\"2025-11-27T01:24:10+00:00\",\"description\":\"D\u00e9couvrez o\u00f9 acheter nos produits aupr\u00e8s de d\u00e9taillants de confiance pr\u00e8s de chez vous ou en ligne. Trouvez les meilleures options et commencez vos achats d\u00e8s aujourd'hui.\",\"breadcrumb\":{\"@id\":\"https:\/\/musafirfoods.com\/fr\/ou-acheter\/#breadcrumb\"},\"inLanguage\":\"fr-FR\",\"potentialAction\":[{\"@type\":\"ReadAction\",\"target\":[\"https:\/\/musafirfoods.com\/fr\/ou-acheter\/\"]}]},{\"@type\":\"BreadcrumbList\",\"@id\":\"https:\/\/musafirfoods.com\/fr\/ou-acheter\/#breadcrumb\",\"itemListElement\":[{\"@type\":\"ListItem\",\"position\":1,\"name\":\"Home\",\"item\":\"https:\/\/musafirfoods.com\/fr\/\"},{\"@type\":\"ListItem\",\"position\":2,\"name\":\"O\u00f9 acheter\"}]},{\"@type\":\"WebSite\",\"@id\":\"https:\/\/musafirfoods.com\/fr\/#website\",\"url\":\"https:\/\/musafirfoods.com\/fr\/\",\"name\":\"Musafir\",\"description\":\"La saveur est un voyage\",\"publisher\":{\"@id\":\"https:\/\/musafirfoods.com\/fr\/#organization\"},\"potentialAction\":[{\"@type\":\"SearchAction\",\"target\":{\"@type\":\"EntryPoint\",\"urlTemplate\":\"https:\/\/musafirfoods.com\/fr\/?s={search_term_string}\"},\"query-input\":\"required name=search_term_string\"}],\"inLanguage\":\"fr-FR\"},{\"@type\":\"Organization\",\"@id\":\"https:\/\/musafirfoods.com\/fr\/#organization\",\"name\":\"Musafir\",\"url\":\"https:\/\/musafirfoods.com\/fr\/\",\"logo\":{\"@type\":\"ImageObject\",\"inLanguage\":\"fr-FR\",\"@id\":\"https:\/\/musafirfoods.com\/fr\/#\/schema\/logo\/image\/\",\"url\":\"https:\/\/musafirfoods.com\/fr\/wp-content\/uploads\/sites\/20\/2025\/08\/Musafir_Wordmark_FR-002.png\",\"contentUrl\":\"https:\/\/musafirfoods.com\/fr\/wp-content\/uploads\/sites\/20\/2025\/08\/Musafir_Wordmark_FR-002.png\",\"width\":349,\"height\":69,\"caption\":\"Musafir\"},\"image\":{\"@id\":\"https:\/\/musafirfoods.com\/fr\/#\/schema\/logo\/image\/\"}}]}<\/script>\n<!-- \/ Yoast SEO plugin. -->","yoast_head_json":{"title":"O\u00f9 acheter | Musafir - La saveur est un voyage","description":"D\u00e9couvrez o\u00f9 acheter nos produits aupr\u00e8s de d\u00e9taillants de confiance pr\u00e8s de chez vous ou en ligne. Trouvez les meilleures options et commencez vos achats d\u00e8s aujourd'hui.","robots":{"index":"index","follow":"follow","max-snippet":"max-snippet:-1","max-image-preview":"max-image-preview:large","max-video-preview":"max-video-preview:-1"},"canonical":"https:\/\/musafirfoods.com\/fr\/ou-acheter\/","og_locale":"fr_FR","og_type":"article","og_title":"O\u00f9 acheter | Musafir - La saveur est un voyage","og_description":"D\u00e9couvrez o\u00f9 acheter nos produits aupr\u00e8s de d\u00e9taillants de confiance pr\u00e8s de chez vous ou en ligne. Trouvez les meilleures options et commencez vos achats d\u00e8s aujourd'hui.","og_url":"https:\/\/musafirfoods.com\/fr\/ou-acheter\/","og_site_name":"Musafir","article_modified_time":"2025-11-27T01:24:10+00:00","twitter_card":"summary_large_image","twitter_misc":{"Dur\u00e9e de lecture estim\u00e9e":"1 minute"},"schema":{"@context":"https:\/\/schema.org","@graph":[{"@type":"WebPage","@id":"https:\/\/musafirfoods.com\/fr\/ou-acheter\/","url":"https:\/\/musafirfoods.com\/fr\/ou-acheter\/","name":"O\u00f9 acheter | Musafir - La saveur est un voyage","isPartOf":{"@id":"https:\/\/musafirfoods.com\/fr\/#website"},"datePublished":"2025-11-12T18:31:06+00:00","dateModified":"2025-11-27T01:24:10+00:00","description":"D\u00e9couvrez o\u00f9 acheter nos produits aupr\u00e8s de d\u00e9taillants de confiance pr\u00e8s de chez vous ou en ligne. Trouvez les meilleures options et commencez vos achats d\u00e8s aujourd'hui.","breadcrumb":{"@id":"https:\/\/musafirfoods.com\/fr\/ou-acheter\/#breadcrumb"},"inLanguage":"fr-FR","potentialAction":[{"@type":"ReadAction","target":["https:\/\/musafirfoods.com\/fr\/ou-acheter\/"]}]},{"@type":"BreadcrumbList","@id":"https:\/\/musafirfoods.com\/fr\/ou-acheter\/#breadcrumb","itemListElement":[{"@type":"ListItem","position":1,"name":"Home","item":"https:\/\/musafirfoods.com\/fr\/"},{"@type":"ListItem","position":2,"name":"O\u00f9 acheter"}]},{"@type":"WebSite","@id":"https:\/\/musafirfoods.com\/fr\/#website","url":"https:\/\/musafirfoods.com\/fr\/","name":"Musafir","description":"La saveur est un voyage","publisher":{"@id":"https:\/\/musafirfoods.com\/fr\/#organization"},"potentialAction":[{"@type":"SearchAction","target":{"@type":"EntryPoint","urlTemplate":"https:\/\/musafirfoods.com\/fr\/?s={search_term_string}"},"query-input":"required name=search_term_string"}],"inLanguage":"fr-FR"},{"@type":"Organization","@id":"https:\/\/musafirfoods.com\/fr\/#organization","name":"Musafir","url":"https:\/\/musafirfoods.com\/fr\/","logo":{"@type":"ImageObject","inLanguage":"fr-FR","@id":"https:\/\/musafirfoods.com\/fr\/#\/schema\/logo\/image\/","url":"https:\/\/musafirfoods.com\/fr\/wp-content\/uploads\/sites\/20\/2025\/08\/Musafir_Wordmark_FR-002.png","contentUrl":"https:\/\/musafirfoods.com\/fr\/wp-content\/uploads\/sites\/20\/2025\/08\/Musafir_Wordmark_FR-002.png","width":349,"height":69,"caption":"Musafir"},"image":{"@id":"https:\/\/musafirfoods.com\/fr\/#\/schema\/logo\/image\/"}}]}},"_links":{"self":[{"href":"https:\/\/musafirfoods.com\/fr\/wp-json\/wp\/v2\/pages\/760"}],"collection":[{"href":"https:\/\/musafirfoods.com\/fr\/wp-json\/wp\/v2\/pages"}],"about":[{"href":"https:\/\/musafirfoods.com\/fr\/wp-json\/wp\/v2\/types\/page"}],"author":[{"embeddable":true,"href":"https:\/\/musafirfoods.com\/fr\/wp-json\/wp\/v2\/users\/22"}],"replies":[{"embeddable":true,"href":"https:\/\/musafirfoods.com\/fr\/wp-json\/wp\/v2\/comments?post=760"}],"version-history":[{"count":4,"href":"https:\/\/musafirfoods.com\/fr\/wp-json\/wp\/v2\/pages\/760\/revisions"}],"predecessor-version":[{"id":770,"href":"https:\/\/musafirfoods.com\/fr\/wp-json\/wp\/v2\/pages\/760\/revisions\/770"}],"wp:attachment":[{"href":"https:\/\/musafirfoods.com\/fr\/wp-json\/wp\/v2\/media?parent=760"}],"curies":[{"name":"wp","href":"https:\/\/api.w.org\/{rel}","templated":true}]}}